{"id":412,"date":"2021-12-07T13:14:21","date_gmt":"2021-12-07T12:14:21","guid":{"rendered":"https:\/\/www.einfachankommen.at\/?page_id=412"},"modified":"2022-04-03T17:46:31","modified_gmt":"2022-04-03T15:46:31","slug":"faqs-3","status":"publish","type":"page","link":"https:\/\/www.einfachankommen.at\/uk\/faqs-3\/","title":{"rendered":"FAQ&#8217;s"},"content":{"rendered":"\n<p><strong>F<\/strong><em>: Ich m\u00f6chte einen Verein in meiner Gemeinde kennenlernen und eventuell Mitglied werden. &nbsp;Was kann ich tun?<\/em><\/p>\n\n\n\n<p><strong>A<\/strong>: Rufen Sie den\/die Obmann\/ Obfrau des Vereins einfach an und vereinbaren Sie einen&nbsp; Schnuppertermin. Bei diesem Termin k\u00f6nnen sie den Verein und seine Mitglieder kennen lernen um leichter entscheiden k\u00f6nnen, ob sie selbst Mitglied werden m\u00f6chten.<\/p>\n\n\n\n<p><strong>F<em>:<\/em><\/strong><em> Ich m\u00f6chte neue Menschen kennen lernen oder mich selbst engagieren. Wohin kann ich mich wenden?<\/em><\/p>\n\n\n\n<p><strong>A:<\/strong> Sie k\u00f6nnten bei ihrer Pfarre im Ort anrufen. Oft gibt es hier Gruppen von engagierten Menschen, die sich freuen, wenn Sie sich melden. Auch die Regionalcaritas freut sich immer \u00fcber engagierte Menschen.<\/p>\n\n\n\n<p>Kontakt: <a href=\"https:\/\/www.caritas-ooe.at\/fileadmin\/storage\/oberoesterreich\/regionalcaritas\/Handout_Rohrbach_2019.pdf\" target=\"_blank\" rel=\"noreferrer noopener\">https:\/\/www.caritas-ooe.at\/fileadmin\/storage\/oberoesterreich\/regionalcaritas\/Handout_Rohrbach_2019.pdf<\/a><\/p>\n","protected":false},"excerpt":{"rendered":"<p>F: Ich m\u00f6chte einen Verein in meiner Gemeinde kennenlernen und eventuell Mitglied werden. &nbsp;Was kann ich tun? A: Rufen Sie den\/die Obmann\/ Obfrau des Vereins einfach an und vereinbaren Sie einen&nbsp; Schnuppertermin. Bei diesem Termin k\u00f6nnen sie den Verein und seine Mitglieder kennen lernen um leichter entscheiden k\u00f6nnen, ob sie selbst Mitglied werden m\u00f6chten. F:&#8230;<\/p>\n","protected":false},"author":1,"featured_media":0,"parent":0,"menu_order":0,"comment_status":"closed","ping_status":"closed","template":"templates\/full-width.php","meta":{"footnotes":""},"class_list":["post-412","page","type-page","status-publish","hentry"],"translation":{"provider":"WPGlobus","version":"2.10.4","language":"uk","enabled_languages":["de","en","ar","fa","hr","uk"],"languages":{"de":{"title":true,"content":true,"excerpt":false},"en":{"title":true,"content":true,"excerpt":false},"ar":{"title":true,"content":true,"excerpt":false},"fa":{"title":true,"content":true,"excerpt":false},"hr":{"title":true,"content":true,"excerpt":false},"uk":{"title":false,"content":false,"excerpt":false}}},"_links":{"self":[{"href":"https:\/\/www.einfachankommen.at\/uk\/wp-json\/wp\/v2\/pages\/412","targetHints":{"allow":["GET"]}}],"collection":[{"href":"https:\/\/www.einfachankommen.at\/uk\/wp-json\/wp\/v2\/pages"}],"about":[{"href":"https:\/\/www.einfachankommen.at\/uk\/wp-json\/wp\/v2\/types\/page"}],"author":[{"embeddable":true,"href":"https:\/\/www.einfachankommen.at\/uk\/wp-json\/wp\/v2\/users\/1"}],"replies":[{"embeddable":true,"href":"https:\/\/www.einfachankommen.at\/uk\/wp-json\/wp\/v2\/comments?post=412"}],"version-history":[{"count":5,"href":"https:\/\/www.einfachankommen.at\/uk\/wp-json\/wp\/v2\/pages\/412\/revisions"}],"predecessor-version":[{"id":854,"href":"https:\/\/www.einfachankommen.at\/uk\/wp-json\/wp\/v2\/pages\/412\/revisions\/854"}],"wp:attachment":[{"href":"https:\/\/www.einfachankommen.at\/uk\/wp-json\/wp\/v2\/media?parent=412"}],"curies":[{"name":"wp","href":"https:\/\/api.w.org\/{rel}","templated":true}]}}