{"id":59,"date":"2021-05-17T15:25:39","date_gmt":"2021-05-17T13:25:39","guid":{"rendered":"http:\/\/www.einfachankommen.at\/?page_id=59"},"modified":"2022-05-05T15:08:43","modified_gmt":"2022-05-05T13:08:43","slug":"mobile-pflege","status":"publish","type":"page","link":"https:\/\/www.einfachankommen.at\/hr\/mobile-pflege\/","title":{"rendered":"Medicinske potrep\u0161tine"},"content":{"rendered":"\n<p>Zdravlje je vrijedna imovina za svakoga.<\/p>\n\n\n\n<p>U Austriji je zdravstvena za\u0161tita pravno utemeljena zada\u0107a koja je u nadle\u017enosti dr\u017eave. To zna\u010di da je visokokvalitetna zdravstvena skrb dostupna svima u Austriji.<\/p>\n\n\n\n<p>U Austriji mnogi ljudi rade za zdravlje u dru\u0161tvu:<\/p>\n\n\n\n<p>Lije\u010dnici u ordinacijama i domovima zdravlja<br>Lije\u010dnici s medicinskim sestrama u bolnicama<br>Lije\u010dnik obiteljske medicine (lije\u010dnik op\u0107e medicine) prva je to\u010dka kontakta u slu\u010daju bolesti. Na kraju ove stranice mo\u017eete prona\u0107i popis lije\u010dnika op\u0107e prakse u va\u0161oj op\u0107ini prebivali\u0161ta.<\/p>\n\n\n\n<p>Hitna i blagdanska slu\u017eba lije\u010dnika op\u0107e prakse vikendom ili u ve\u010dernjim satima: telefon 141<br>Hitna medicinska pomo\u0107 (za tegobe opasne po \u017eivot): telefon 144<br>Bolnica: Ako je potrebno, uputit \u0107e se u bolnicu.<br>Specijalisti: Za specifi\u010dne zdravstvene probleme mo\u017eete se obratiti stru\u010dnjacima iz raznih disciplina.<br>Ovaj sustav podr\u017eavaju Austrijski zavod za zdravstveno osiguranje (\u00d6GK), fondovi socijalnog osiguranja i druga dru\u0161tva za zdravstveno osiguranje.<\/p>\n\n\n\n<p>Pregled zdravstvenih usluga u Austriji mo\u017eete prona\u0107i ovdje:<\/p>\n\n\n\n<p><a href=\"https:\/\/www.gesundheit.gv.at\/gesundheitsdienstleistungen\/inhalt\">https:\/\/www.gesundheit.gv.at\/gesundheitsdienstleistungen\/inhalt<\/a><\/p>\n\n\n\n<p>Austrijski zavod za zdravstveno osiguranje nudi Vam vrijedne informacije:<\/p>\n\n\n\n<p><a href=\"https:\/\/www.gesundheitskasse.at\/cdscontent\/?contentid=10007.850664&amp;portal=oegkoportal\">https:\/\/www.gesundheitskasse.at\/cdscontent\/?contentid=10007.850664&amp;portal=oegkoportal<\/a><\/p>\n\n\n\n<p>Kliknite ovdje za korisni\u010dku podr\u0161ku dru\u0161tva za zdravstveno osiguranje u Rohrbachu:<\/p>\n\n\n\n<p><a href=\"https:\/\/www.gesundheitskasse.at\/cdscontent\/?contentid=10007.827631&amp;portal=oegkoportal\">https:\/\/www.gesundheitskasse.at\/cdscontent\/?contentid=10007.827631&amp;portal=oegkoportal<\/a><\/p>\n\n\n\n<p>lije\u010dnici op\u0107e prakse<br>Haslach:<\/p>\n\n\n\n<p>Uredi<br>Dom zdravlja Haslach, Obiteljska medicina Plus Tel:<\/p>\n\n\n\n<p>07289\/21044 Adresa:<\/p>\n\n\n\n<p>Kirchenplatz 3, 4170 Haslach an der M\u00fchl E-po\u0161ta:<\/p>\n\n\n\n<p>office@hausarztmedizinplus.at Web stranica:<br>www.hausarztmedizinplus.at<br>Kleinzell:<\/p>\n\n\n\n<p>Uredi<br>dr Johannes Lindorfer Telefon:<\/p>\n\n\n\n<p>07282\/5648 Adresa:<\/p>\n\n\n\n<p>Weigelsdorf 39, 4115 Kleinzell im M\u00fchlkreis<br>Neufelden:<\/p>\n\n\n\n<p>Uredi<br>dr medicinski sveu\u010dili\u0161te Walter Brunner Telefon:<\/p>\n\n\n\n<p>07282 70780 Adresa:<\/p>\n\n\n\n<p>Kirchengasse 9, 4120 Neufelden<br>Lembach:<\/p>\n\n\n\n<p>Uredi<br>dr Alexander Viehboeck i dr. Doris Viehbock Tel:<\/p>\n\n\n\n<p>+43 7286 7200 Adresa:<\/p>\n\n\n\n<p>Lederergasse 12, 4132 Lembach E-po\u0161ta:<\/p>\n\n\n\n<p>re\u0111enje.viehboeck@gmx.at<\/p>\n","protected":false},"excerpt":{"rendered":"<p>Zdravlje je vrijedna imovina za svakoga. U Austriji je zdravstvena za\u0161tita pravno utemeljena zada\u0107a koja je u nadle\u017enosti dr\u017eave. To zna\u010di da je visokokvalitetna zdravstvena skrb dostupna svima u Austriji. U Austriji mnogi ljudi rade za zdravlje u dru\u0161tvu: Lije\u010dnici u ordinacijama i domovima zdravljaLije\u010dnici s medicinskim sestrama u bolnicamaLije\u010dnik obiteljske medicine (lije\u010dnik op\u0107e medicine)&#8230;<\/p>\n","protected":false},"author":1,"featured_media":0,"parent":0,"menu_order":1,"comment_status":"closed","ping_status":"closed","template":"templates\/full-width.php","meta":{"footnotes":""},"class_list":["post-59","page","type-page","status-publish","hentry"],"translation":{"provider":"WPGlobus","version":"2.10.4","language":"hr","enabled_languages":["de","en","ar","fa","hr","uk"],"languages":{"de":{"title":true,"content":true,"excerpt":false},"en":{"title":true,"content":true,"excerpt":false},"ar":{"title":true,"content":true,"excerpt":false},"fa":{"title":true,"content":true,"excerpt":false},"hr":{"title":true,"content":true,"excerpt":false},"uk":{"title":true,"content":true,"excerpt":false}}},"_links":{"self":[{"href":"https:\/\/www.einfachankommen.at\/hr\/wp-json\/wp\/v2\/pages\/59","targetHints":{"allow":["GET"]}}],"collection":[{"href":"https:\/\/www.einfachankommen.at\/hr\/wp-json\/wp\/v2\/pages"}],"about":[{"href":"https:\/\/www.einfachankommen.at\/hr\/wp-json\/wp\/v2\/types\/page"}],"author":[{"embeddable":true,"href":"https:\/\/www.einfachankommen.at\/hr\/wp-json\/wp\/v2\/users\/1"}],"replies":[{"embeddable":true,"href":"https:\/\/www.einfachankommen.at\/hr\/wp-json\/wp\/v2\/comments?post=59"}],"version-history":[{"count":22,"href":"https:\/\/www.einfachankommen.at\/hr\/wp-json\/wp\/v2\/pages\/59\/revisions"}],"predecessor-version":[{"id":1015,"href":"https:\/\/www.einfachankommen.at\/hr\/wp-json\/wp\/v2\/pages\/59\/revisions\/1015"}],"wp:attachment":[{"href":"https:\/\/www.einfachankommen.at\/hr\/wp-json\/wp\/v2\/media?parent=59"}],"curies":[{"name":"wp","href":"https:\/\/api.w.org\/{rel}","templated":true}]}}