{"id":57,"date":"2021-05-17T15:25:20","date_gmt":"2021-05-17T13:25:20","guid":{"rendered":"http:\/\/www.einfachankommen.at\/?page_id=57"},"modified":"2022-05-05T15:09:41","modified_gmt":"2022-05-05T13:09:41","slug":"gesundheitseinrichtungen","status":"publish","type":"page","link":"https:\/\/www.einfachankommen.at\/hr\/gesundheitseinrichtungen\/","title":{"rendered":"Zdravstvene za\u0161tite:"},"content":{"rendered":"\n<p>Zdravlje je vrijedna imovina za sve ljude.<\/p>\n\n\n\n<p>U Austriji je osiguravanje zdravlja zakonska zada\u0107a koja pripada dr\u017eavi. To zna\u010di da svi ljudi u Austriji imaju pristup visokokvalitetnoj zdravstvenoj skrbi. Me\u0111utim, \u010desto nije lako prona\u0107i pravi pristup i koristiti mogu\u0107nosti zdravstvene za\u0161tite.<\/p>\n\n\n\n<p>U Austriji mnogi ljudi rade za zdravlje u dru\u0161tvu:<\/p>\n\n\n\n<p>Lije\u010dnici u svojim ordinacijama i domovima zdravlja, kao i kod medicinskih sestara u bolnicama. Za starije osobe i osobe s invaliditetom dostupni su odvojeni objekti s gerijatrijskim medicinskim sestrama, njegovateljima i terapeutima.<\/p>\n\n\n\n<p>U slu\u010daju bolesti, prva kontaktna to\u010dka je <strong>obiteljski lije\u010dnik<\/strong> u zajednici (lije\u010dnik op\u0107e prakse). Popis obiteljskih lije\u010dnika mo\u017ee se na\u0107i u sljede\u0107oj stavci.<\/p>\n\n\n\n<p>Izvan radnog vremena zovu <strong>hitnu i blagdansku<\/strong> <strong>slu\u017ebu lije\u010dnika op\u0107e prakse<\/strong>: Telefonski broj 141 Ako je potrebno, vr\u0161i se upu\u0107ivanje u bolnicu. Raspon usluga koje se nude u bolnici Rohrbach uklju\u010duje internu medicinu, kirurgiju, traumatologiju, ginekologiju i porodni\u0161tvo, dijelove pedijatrije i adolescentne medicine, kao i akutnu gerijatriju i remobilizaciju.<\/p>\n\n\n\n<p>U slu\u010daju nu\u017ede, u slu\u010daju problema opasnih po \u017eivot, zovu na broj telefona 144.<\/p>\n\n\n\n<p>Ovaj sustav podr\u017eavaju osiguravaju\u0107a dru\u0161tva, dru\u0161tva za zdravstveno osiguranje i austrijski fond za zdravstveno osiguranje.<\/p>\n\n\n\n<p>Pregled zdravstvenih usluga u Austriji mo\u017eete prona\u0107i ovdje:<\/p>\n\n\n\n<p><a href=\"https:\/\/www.gesundheit.gv.at\/gesundheitsleistungen\/inhalt\">https:\/\/www.gesundheit.gv.at\/gesundheitsleistungen\/inhalt<\/a><\/p>\n\n\n\n<p><strong>Austrijski zavod za zdravstveno osiguranje<\/strong> nudi vam vrijedne informacije:<\/p>\n\n\n\n<p><a href=\"https:\/\/www.gesundheitskasse.at\/cdscontent\/?contentid=10007.850664&amp;portal=oegkoportal\">https:\/\/www.gesundheitskasse.at\/cdscontent\/?contentid=10007.850664&amp;portal=oegkoportal<\/a><\/p>\n\n\n\n<p>Kliknite ovdje za <strong>slu\u017ebu za korisnike zdravstvenog osiguranja u Rohrbachu<\/strong>:<\/p>\n\n\n\n<p><a href=\"https:\/\/www.gesundheitskasse.at\/cdscontent\/?contentid=10007.827631&amp;portal=oegkoportal\">https:\/\/www.gesundheitskasse.at\/cdscontent\/?contentid=10007.827631&amp;portal=oegkoportal<\/a><\/p>\n\n\n\n<h2 class=\"wp-block-heading\">Lije\u010dnici op\u0107e prakse<\/h2>\n\n\n\n<p><strong>Haslach:<\/strong><\/p>\n\n\n\n<p>Dom zdravlja Haslach, Lije\u010dnik op\u0107e prakse Plus<\/p>\n\n\n\n<p>Telefon: &nbsp;&nbsp;&nbsp;&nbsp;&nbsp;&nbsp;&nbsp;&nbsp;&nbsp;&nbsp;&nbsp;&nbsp;&nbsp;&nbsp;&nbsp;&nbsp;&nbsp;&nbsp;&nbsp;&nbsp;&nbsp;&nbsp;&nbsp;&nbsp;&nbsp;&nbsp;&nbsp;&nbsp;&nbsp;&nbsp;&nbsp;&nbsp;&nbsp;&nbsp;&nbsp;&nbsp;&nbsp;&nbsp;&nbsp;&nbsp;&nbsp;&nbsp;&nbsp;&nbsp;&nbsp;&nbsp;&nbsp;&nbsp;&nbsp;&nbsp;&nbsp;&nbsp; 07289\/21044<\/p>\n\n\n\n<p>Adresa:&nbsp;&nbsp;&nbsp;&nbsp;&nbsp;&nbsp;&nbsp;&nbsp;&nbsp;&nbsp;&nbsp;&nbsp;&nbsp;&nbsp;&nbsp;&nbsp;&nbsp;&nbsp;&nbsp;&nbsp;&nbsp;&nbsp;&nbsp;&nbsp;&nbsp;&nbsp;&nbsp;&nbsp;&nbsp;&nbsp;&nbsp;&nbsp;&nbsp;&nbsp;&nbsp;&nbsp;&nbsp;&nbsp;&nbsp;&nbsp;&nbsp;&nbsp;&nbsp;&nbsp;&nbsp;&nbsp;&nbsp;&nbsp;&nbsp;&nbsp;&nbsp;&nbsp;&nbsp;&nbsp; Kirchenplatz 3, 4170 Haslach an der M\u00fchl<\/p>\n\n\n\n<p>Emajl: &nbsp;&nbsp;&nbsp;&nbsp;&nbsp;&nbsp;&nbsp;&nbsp;&nbsp;&nbsp;&nbsp;&nbsp;&nbsp;&nbsp;&nbsp;&nbsp;&nbsp;&nbsp;&nbsp;&nbsp;&nbsp;&nbsp;&nbsp;&nbsp;&nbsp;&nbsp;&nbsp;&nbsp;&nbsp;&nbsp;&nbsp;&nbsp;&nbsp;&nbsp;&nbsp;&nbsp;&nbsp;&nbsp;&nbsp;&nbsp;&nbsp;&nbsp;&nbsp;&nbsp;&nbsp;&nbsp;&nbsp;&nbsp;&nbsp;&nbsp;&nbsp;&nbsp;&nbsp;&nbsp;&nbsp;&nbsp; office@hausarztmedizinplus.at<\/p>\n\n\n\n<p>Web-stranica: &nbsp;&nbsp;&nbsp;&nbsp;&nbsp;&nbsp;&nbsp;&nbsp;&nbsp;&nbsp;&nbsp;&nbsp;&nbsp;&nbsp;&nbsp;&nbsp;&nbsp;&nbsp;&nbsp;&nbsp;&nbsp;&nbsp;&nbsp;&nbsp;&nbsp;&nbsp;&nbsp;&nbsp;&nbsp;&nbsp;&nbsp;&nbsp;&nbsp;&nbsp;&nbsp;&nbsp;&nbsp;&nbsp;&nbsp;&nbsp;&nbsp; www.hausarztmedizinplus.at<\/p>\n\n\n\n<p><strong>Kleinzell<\/strong>:<\/p>\n\n\n\n<p>Dr. Johannes Lindorfer<\/p>\n\n\n\n<p>Telefon: &nbsp;&nbsp;&nbsp;&nbsp;&nbsp;&nbsp;&nbsp;&nbsp;&nbsp;&nbsp;&nbsp;&nbsp;&nbsp;&nbsp;&nbsp;&nbsp;&nbsp;&nbsp;&nbsp;&nbsp;&nbsp;&nbsp;&nbsp;&nbsp;&nbsp;&nbsp;&nbsp;&nbsp;&nbsp;&nbsp;&nbsp;&nbsp;&nbsp;&nbsp;&nbsp;&nbsp;&nbsp;&nbsp;&nbsp;&nbsp;&nbsp;&nbsp;&nbsp;&nbsp;&nbsp;&nbsp;&nbsp;&nbsp;&nbsp;&nbsp;&nbsp;&nbsp; 07282\/5648<\/p>\n\n\n\n<p>Adresa:&nbsp;&nbsp;&nbsp;&nbsp;&nbsp;&nbsp;&nbsp;&nbsp;&nbsp;&nbsp;&nbsp;&nbsp;&nbsp;&nbsp;&nbsp;&nbsp;&nbsp;&nbsp;&nbsp;&nbsp;&nbsp;&nbsp;&nbsp;&nbsp;&nbsp;&nbsp;&nbsp;&nbsp;&nbsp;&nbsp;&nbsp;&nbsp;&nbsp;&nbsp;&nbsp;&nbsp;&nbsp;&nbsp;&nbsp;&nbsp;&nbsp;&nbsp;&nbsp;&nbsp;&nbsp;&nbsp;&nbsp;&nbsp;&nbsp;&nbsp;&nbsp;&nbsp;&nbsp;&nbsp; Weigelsdorf 39, 4115 Kleinzell im M\u00fchlkreis<\/p>\n\n\n\n<p><strong>Neufelden:<\/strong><\/p>\n\n\n\n<p>Dr. med. univ. Walter Brunner<\/p>\n\n\n\n<p>Telefon: &nbsp;&nbsp;&nbsp;&nbsp;&nbsp;&nbsp;&nbsp;&nbsp;&nbsp;&nbsp;&nbsp;&nbsp;&nbsp;&nbsp;&nbsp;&nbsp;&nbsp;&nbsp;&nbsp;&nbsp;&nbsp;&nbsp;&nbsp;&nbsp;&nbsp;&nbsp;&nbsp;&nbsp;&nbsp;&nbsp;&nbsp;&nbsp;&nbsp;&nbsp;&nbsp;&nbsp;&nbsp;&nbsp;&nbsp;&nbsp;&nbsp;&nbsp;&nbsp;&nbsp;&nbsp;&nbsp;&nbsp;&nbsp;&nbsp;&nbsp;&nbsp;&nbsp; 07282 70780<\/p>\n\n\n\n<p>Adresa:&nbsp;&nbsp;&nbsp;&nbsp;&nbsp;&nbsp;&nbsp;&nbsp;&nbsp;&nbsp;&nbsp;&nbsp;&nbsp;&nbsp;&nbsp;&nbsp;&nbsp;&nbsp;&nbsp;&nbsp;&nbsp;&nbsp;&nbsp;&nbsp;&nbsp;&nbsp;&nbsp;&nbsp;&nbsp;&nbsp;&nbsp;&nbsp;&nbsp;&nbsp;&nbsp;&nbsp;&nbsp;&nbsp;&nbsp;&nbsp;&nbsp;&nbsp;&nbsp;&nbsp;&nbsp;&nbsp;&nbsp;&nbsp;&nbsp;&nbsp;&nbsp;&nbsp;&nbsp;&nbsp; Kirchengasse 9, 4120 Neufelden<\/p>\n\n\n\n<p><strong>Lembach:<\/strong><\/p>\n\n\n\n<p>Dr. Alexander Viehb\u00f6ck &amp; Dr. Doris Viehb\u00f6ck<\/p>\n\n\n\n<p>Telefon: &nbsp;&nbsp;&nbsp;&nbsp;&nbsp;&nbsp;&nbsp;&nbsp;&nbsp;&nbsp;&nbsp;&nbsp;&nbsp;&nbsp;&nbsp;&nbsp;&nbsp;&nbsp;&nbsp;&nbsp;&nbsp;&nbsp;&nbsp;&nbsp;&nbsp;&nbsp;&nbsp;&nbsp;&nbsp;&nbsp;&nbsp;&nbsp;&nbsp;&nbsp;&nbsp;&nbsp;&nbsp;&nbsp;&nbsp;&nbsp;&nbsp;&nbsp;&nbsp;&nbsp;&nbsp;&nbsp;&nbsp;&nbsp;&nbsp;&nbsp;&nbsp;&nbsp; +43 7286 7200<\/p>\n\n\n\n<p>Adresa:&nbsp;&nbsp;&nbsp;&nbsp;&nbsp;&nbsp;&nbsp;&nbsp;&nbsp;&nbsp;&nbsp;&nbsp;&nbsp;&nbsp;&nbsp;&nbsp;&nbsp;&nbsp;&nbsp;&nbsp;&nbsp;&nbsp;&nbsp;&nbsp;&nbsp;&nbsp;&nbsp;&nbsp;&nbsp;&nbsp;&nbsp;&nbsp;&nbsp;&nbsp;&nbsp;&nbsp;&nbsp;&nbsp;&nbsp;&nbsp;&nbsp;&nbsp;&nbsp;&nbsp;&nbsp;&nbsp;&nbsp;&nbsp;&nbsp;&nbsp;&nbsp;&nbsp;&nbsp;&nbsp; Lederergasse 12, 4132 Lembach<\/p>\n\n\n\n<p>Emajl:&nbsp;&nbsp;&nbsp;&nbsp;&nbsp;&nbsp;&nbsp;&nbsp;&nbsp;&nbsp;&nbsp;&nbsp;&nbsp;&nbsp;&nbsp;&nbsp;&nbsp;&nbsp;&nbsp;&nbsp;&nbsp;&nbsp;&nbsp;&nbsp;&nbsp;&nbsp;&nbsp;&nbsp;&nbsp;&nbsp;&nbsp;&nbsp;&nbsp;&nbsp;&nbsp;&nbsp;&nbsp;&nbsp;&nbsp;&nbsp;&nbsp;&nbsp;&nbsp;&nbsp;&nbsp;&nbsp;&nbsp;&nbsp;&nbsp;&nbsp;&nbsp;&nbsp;&nbsp;&nbsp;&nbsp;&nbsp;&nbsp; ordination.viehboeck@gmx.at<\/p>\n","protected":false},"excerpt":{"rendered":"<p>Zdravlje je vrijedna imovina za sve ljude. U Austriji je osiguravanje zdravlja zakonska zada\u0107a koja pripada dr\u017eavi. To zna\u010di da svi ljudi u Austriji imaju pristup visokokvalitetnoj zdravstvenoj skrbi. Me\u0111utim, \u010desto nije lako prona\u0107i pravi pristup i koristiti mogu\u0107nosti zdravstvene za\u0161tite. U Austriji mnogi ljudi rade za zdravlje u dru\u0161tvu: Lije\u010dnici u svojim ordinacijama i&#8230;<\/p>\n","protected":false},"author":1,"featured_media":0,"parent":0,"menu_order":0,"comment_status":"closed","ping_status":"closed","template":"templates\/full-width.php","meta":{"footnotes":""},"class_list":["post-57","page","type-page","status-publish","hentry"],"translation":{"provider":"WPGlobus","version":"2.10.4","language":"hr","enabled_languages":["de","en","ar","fa","hr","uk"],"languages":{"de":{"title":true,"content":true,"excerpt":false},"en":{"title":true,"content":true,"excerpt":false},"ar":{"title":true,"content":true,"excerpt":false},"fa":{"title":true,"content":true,"excerpt":false},"hr":{"title":true,"content":true,"excerpt":false},"uk":{"title":true,"content":true,"excerpt":false}}},"_links":{"self":[{"href":"https:\/\/www.einfachankommen.at\/hr\/wp-json\/wp\/v2\/pages\/57","targetHints":{"allow":["GET"]}}],"collection":[{"href":"https:\/\/www.einfachankommen.at\/hr\/wp-json\/wp\/v2\/pages"}],"about":[{"href":"https:\/\/www.einfachankommen.at\/hr\/wp-json\/wp\/v2\/types\/page"}],"author":[{"embeddable":true,"href":"https:\/\/www.einfachankommen.at\/hr\/wp-json\/wp\/v2\/users\/1"}],"replies":[{"embeddable":true,"href":"https:\/\/www.einfachankommen.at\/hr\/wp-json\/wp\/v2\/comments?post=57"}],"version-history":[{"count":10,"href":"https:\/\/www.einfachankommen.at\/hr\/wp-json\/wp\/v2\/pages\/57\/revisions"}],"predecessor-version":[{"id":1016,"href":"https:\/\/www.einfachankommen.at\/hr\/wp-json\/wp\/v2\/pages\/57\/revisions\/1016"}],"wp:attachment":[{"href":"https:\/\/www.einfachankommen.at\/hr\/wp-json\/wp\/v2\/media?parent=57"}],"curies":[{"name":"wp","href":"https:\/\/api.w.org\/{rel}","templated":true}]}}