{"id":5,"date":"2021-05-11T12:14:49","date_gmt":"2021-05-11T10:14:49","guid":{"rendered":"http:\/\/www.einfachankommen.at\/?page_id=5"},"modified":"2022-05-05T14:53:31","modified_gmt":"2022-05-05T12:53:31","slug":"kultur","status":"publish","type":"page","link":"https:\/\/www.einfachankommen.at\/hr\/kultur\/","title":{"rendered":"Kultura i slobodno vrijeme\ufffc"},"content":{"rendered":"\n<p>U okrugu Rohrbacha na\u0107i \u0107ete razne ponude iz kulturnog \u017eivota. Tu je i veliki izbor za sport i slobodno vrijeme.<\/p>\n\n\n\n<p>Vidjet \u0107ete, stvarno ima pone\u0161to za svakoga. Ovdje mo\u017eete otkriti vrijedne informacije:<\/p>\n\n\n\n<p><strong>KULTURA:<\/strong><\/p>\n\n\n\n<p>Zanimaju li vas kazali\u0161te, knji\u017eevnost, glazba i izlo\u017ebe vizualnih umjetnosti? \u017delite li i sami postati aktivni u tim podru\u010djima? Onda je KIM udruga pravo mjesto za vas. Kim \u2013 usredoto\u010denost na kulturu \u2013 nudi doga\u0111aje i mogu\u0107nosti sudjelovanja:<\/p>\n\n\n\n<p><a href=\"http:\/\/www.kim-rohrbach.at\/\">http:\/\/www.kim-rohrbach.at\/<\/a><\/p>\n\n\n\n<p>Glazbeni doga\u0111aji posebne vrste, posebno za mla\u0111e osobe, mogu se na\u0107i u Musik-Klub Lembach:<\/p>\n\n\n\n<p><a href=\"http:\/\/www.mkcl.at\/\">http:\/\/www.mkcl.at\/<\/a><\/p>\n\n\n\n<p>Jazzatelier Ulrichsberg nudi glazbu, film, slikarstvo:<\/p>\n\n\n\n<p><a href=\"https:\/\/www.jazzatelier.at\/\">https:\/\/www.jazzatelier.at\/<\/a><\/p>\n\n\n\n<p>Ovaj popis muzeja u okrugu Rohrbach pomo\u0107i \u0107e vam ako ste zainteresirani za povijest i kulturu okruga:<\/p>\n\n\n\n<p><a href=\"https:\/\/regiowiki.at\/index.php?title=Liste_der_Museen_im_Bezirk_Rohrbach&amp;mobileaction=toggle_view_mobile\">https:\/\/regiowiki.at\/index.php?title=Liste_der_Museen_im_Bezirk_Rohrbach&amp;mobileaction=toggle_view_mobile<\/a><\/p>\n\n\n\n<p><strong>SPORT<\/strong><\/p>\n\n\n\n<p>Gotovo svaka op\u0107ina ima svoje sportske klubove. U okrugu \u0107ete na\u0107i mogu\u0107nosti za nogomet, tenis, tobogganing, skijanje, ali i fitness trening, gimnastika i joga. Ako ste zainteresirani za sport, molimo pitajte u svom op\u0107inskom uredu. Tamo \u0107ete saznati tko je odgovoran za koju klupsku ili sportsku operaciju u selu.<\/p>\n\n\n\n<p>Vrlo brzo \u0107ete ovdje prona\u0107i ponude svih sportskih klubova i sportova u va\u0161em podru\u010dju:<\/p>\n\n\n\n<p><a href=\"https:\/\/sportunion.at\/ooe\/sport-angebote\/\">https:\/\/sportunion.at\/ooe\/sport-angebote\/<\/a><\/p>\n\n\n\n<p>Predsjednik okru\u017enih udruga Unije, g. Hubert Hartl, tako\u0111er \u0107e vam rado pomo\u0107i<\/p>\n\n\n\n<p>Emajl: <a href=\"mailto:hub.hartl@gmx.at\">hub.hartl@gmx.at<\/a>&nbsp; Telefon: 0043 676 81423001<\/p>\n\n\n\n<p><strong>SLOBODNO VRIJEME<\/strong><\/p>\n\n\n\n<p>Tra\u017eite zanimljive izletni\u010dke destinacije i znamenitosti u okrugu Rohrbach? Jeste li fascinirani prirodom?<\/p>\n\n\n\n<p>Tada \u0107ete sigurno ovdje prona\u0107i ne\u0161to po va\u0161em ukusu:<\/p>\n\n\n\n<p><a href=\"https:\/\/www.ausflugstipps.at\/wohin\/oberoesterreich\/bezirk\/rohrbach.html\">https:\/\/www.ausflugstipps.at\/wohin\/oberoesterreich\/bezirk\/rohrbach.html<\/a><\/p>\n\n\n\n<p><a href=\"https:\/\/www.boehmerwald.at\/sommer\/ausflugstipps.html\">https:\/\/www.boehmerwald.at\/sommer\/ausflugstipps.html<\/a><\/p>\n","protected":false},"excerpt":{"rendered":"<p>U okrugu Rohrbacha na\u0107i \u0107ete razne ponude iz kulturnog \u017eivota. Tu je i veliki izbor za sport i slobodno vrijeme. Vidjet \u0107ete, stvarno ima pone\u0161to za svakoga. Ovdje mo\u017eete otkriti vrijedne informacije: KULTURA: Zanimaju li vas kazali\u0161te, knji\u017eevnost, glazba i izlo\u017ebe vizualnih umjetnosti? \u017delite li i sami postati aktivni u tim podru\u010djima? Onda je KIM&#8230;<\/p>\n","protected":false},"author":1,"featured_media":0,"parent":0,"menu_order":0,"comment_status":"closed","ping_status":"closed","template":"templates\/full-width.php","meta":{"footnotes":""},"class_list":["post-5","page","type-page","status-publish","hentry"],"translation":{"provider":"WPGlobus","version":"2.10.4","language":"hr","enabled_languages":["de","en","ar","fa","hr","uk"],"languages":{"de":{"title":true,"content":true,"excerpt":false},"en":{"title":true,"content":true,"excerpt":false},"ar":{"title":true,"content":true,"excerpt":false},"fa":{"title":true,"content":true,"excerpt":false},"hr":{"title":true,"content":true,"excerpt":false},"uk":{"title":true,"content":true,"excerpt":false}}},"_links":{"self":[{"href":"https:\/\/www.einfachankommen.at\/hr\/wp-json\/wp\/v2\/pages\/5","targetHints":{"allow":["GET"]}}],"collection":[{"href":"https:\/\/www.einfachankommen.at\/hr\/wp-json\/wp\/v2\/pages"}],"about":[{"href":"https:\/\/www.einfachankommen.at\/hr\/wp-json\/wp\/v2\/types\/page"}],"author":[{"embeddable":true,"href":"https:\/\/www.einfachankommen.at\/hr\/wp-json\/wp\/v2\/users\/1"}],"replies":[{"embeddable":true,"href":"https:\/\/www.einfachankommen.at\/hr\/wp-json\/wp\/v2\/comments?post=5"}],"version-history":[{"count":12,"href":"https:\/\/www.einfachankommen.at\/hr\/wp-json\/wp\/v2\/pages\/5\/revisions"}],"predecessor-version":[{"id":1003,"href":"https:\/\/www.einfachankommen.at\/hr\/wp-json\/wp\/v2\/pages\/5\/revisions\/1003"}],"wp:attachment":[{"href":"https:\/\/www.einfachankommen.at\/hr\/wp-json\/wp\/v2\/media?parent=5"}],"curies":[{"name":"wp","href":"https:\/\/api.w.org\/{rel}","templated":true}]}}