{"id":450,"date":"2021-12-10T11:37:02","date_gmt":"2021-12-10T10:37:02","guid":{"rendered":"https:\/\/www.einfachankommen.at\/?page_id=450"},"modified":"2022-05-05T15:10:54","modified_gmt":"2022-05-05T13:10:54","slug":"gesundheitsfoerderung","status":"publish","type":"page","link":"https:\/\/www.einfachankommen.at\/hr\/gesundheitsfoerderung\/","title":{"rendered":"Promocija zdravlja"},"content":{"rendered":"\n<p>Za du\u017ei \u017eivot u dobrom zdravlju klju\u010dno je ne samo lije\u010denje, ve\u0107 i aktivnosti promicanja i prevencije zdravlja.<\/p>\n\n\n\n<p>Zdravlje osobe izlo\u017eeno je mnogim utjecajima. To ovisi o dru\u0161tvenom okru\u017eenju, gospodarskim mogu\u0107nostima i kulturnom pona\u0161anju. Va\u017eno je znati koje \u017eivotne navike odr\u017eavaju na\u0161e tijelo u formi i odr\u017eavaju na\u0161u du\u0161u u ravnote\u017ei.<\/p>\n\n\n\n<p>Izvor: &#8220;Fonds Gesundes \u00d6sterreich nach Dahlgren, G., Whitehead, M. (1991)&#8221;<\/p>\n\n\n\n<figure class=\"wp-block-image size-large\"><img loading=\"lazy\" decoding=\"async\" width=\"1024\" height=\"627\" src=\"https:\/\/www.einfachankommen.at\/wp-content\/uploads\/2022\/03\/image-1024x627.jpeg\" alt=\"\" class=\"wp-image-724\" srcset=\"https:\/\/www.einfachankommen.at\/wp-content\/uploads\/2022\/03\/image-1024x627.jpeg 1024w, https:\/\/www.einfachankommen.at\/wp-content\/uploads\/2022\/03\/image-300x184.jpeg 300w, https:\/\/www.einfachankommen.at\/wp-content\/uploads\/2022\/03\/image-768x470.jpeg 768w, https:\/\/www.einfachankommen.at\/wp-content\/uploads\/2022\/03\/image-850x520.jpeg 850w, https:\/\/www.einfachankommen.at\/wp-content\/uploads\/2022\/03\/image.jpeg 1127w\" sizes=\"auto, (max-width: 1024px) 100vw, 1024px\" \/><\/figure>\n\n\n\n<p>Saznajte vi\u0161e o temama prehrane, vje\u017ebanja, psihe, stresa i rekreacije, kao i okoli\u0161a i koristite gore navedene veze!<\/p>\n\n\n\n<p>\u0160to je promicanje zdravlja?<\/p>\n\n\n\n<figure class=\"wp-block-embed is-type-video is-provider-youtube wp-block-embed-youtube wp-embed-aspect-16-9 wp-has-aspect-ratio\"><div class=\"wp-block-embed__wrapper\">\n<iframe loading=\"lazy\" title=\"Was hei\u00dft eigentlich Pr\u00e4vention?  - Fachbegriffe der Gesundheitsf\u00f6rderung anschaulich gemacht!\" width=\"640\" height=\"360\" src=\"https:\/\/www.youtube.com\/embed\/8izq9ZY7Qjs?feature=oembed\" frameborder=\"0\" allow=\"accelerometer; autoplay; clipboard-write; encrypted-media; gyroscope; picture-in-picture; web-share\" referrerpolicy=\"strict-origin-when-cross-origin\" allowfullscreen><\/iframe>\n<\/div><\/figure>\n\n\n\n<p>Promocija zdravlja u Haslach an der M\u00fchl:<\/p>\n\n\n\n<p><a href=\"https:\/\/www.proges.at\/angebote\/kommunale-gesundheitsfoerderung\/haslach\">https:\/\/www.proges.at\/angebote\/kommunale-gesundheitsfoerderung\/haslach<\/a><\/p>\n","protected":false},"excerpt":{"rendered":"<p>Za du\u017ei \u017eivot u dobrom zdravlju klju\u010dno je ne samo lije\u010denje, ve\u0107 i aktivnosti promicanja i prevencije zdravlja. Zdravlje osobe izlo\u017eeno je mnogim utjecajima. To ovisi o dru\u0161tvenom okru\u017eenju, gospodarskim mogu\u0107nostima i kulturnom pona\u0161anju. Va\u017eno je znati koje \u017eivotne navike odr\u017eavaju na\u0161e tijelo u formi i odr\u017eavaju na\u0161u du\u0161u u ravnote\u017ei. Izvor: &#8220;Fonds Gesundes \u00d6sterreich&#8230;<\/p>\n","protected":false},"author":1,"featured_media":0,"parent":0,"menu_order":0,"comment_status":"closed","ping_status":"closed","template":"templates\/full-width.php","meta":{"footnotes":""},"class_list":["post-450","page","type-page","status-publish","hentry"],"translation":{"provider":"WPGlobus","version":"2.10.4","language":"hr","enabled_languages":["de","en","ar","fa","hr","uk"],"languages":{"de":{"title":true,"content":true,"excerpt":false},"en":{"title":true,"content":true,"excerpt":false},"ar":{"title":true,"content":true,"excerpt":false},"fa":{"title":true,"content":true,"excerpt":false},"hr":{"title":true,"content":true,"excerpt":false},"uk":{"title":true,"content":true,"excerpt":false}}},"_links":{"self":[{"href":"https:\/\/www.einfachankommen.at\/hr\/wp-json\/wp\/v2\/pages\/450","targetHints":{"allow":["GET"]}}],"collection":[{"href":"https:\/\/www.einfachankommen.at\/hr\/wp-json\/wp\/v2\/pages"}],"about":[{"href":"https:\/\/www.einfachankommen.at\/hr\/wp-json\/wp\/v2\/types\/page"}],"author":[{"embeddable":true,"href":"https:\/\/www.einfachankommen.at\/hr\/wp-json\/wp\/v2\/users\/1"}],"replies":[{"embeddable":true,"href":"https:\/\/www.einfachankommen.at\/hr\/wp-json\/wp\/v2\/comments?post=450"}],"version-history":[{"count":13,"href":"https:\/\/www.einfachankommen.at\/hr\/wp-json\/wp\/v2\/pages\/450\/revisions"}],"predecessor-version":[{"id":1018,"href":"https:\/\/www.einfachankommen.at\/hr\/wp-json\/wp\/v2\/pages\/450\/revisions\/1018"}],"wp:attachment":[{"href":"https:\/\/www.einfachankommen.at\/hr\/wp-json\/wp\/v2\/media?parent=450"}],"curies":[{"name":"wp","href":"https:\/\/api.w.org\/{rel}","templated":true}]}}