{"id":412,"date":"2021-12-07T13:14:21","date_gmt":"2021-12-07T12:14:21","guid":{"rendered":"https:\/\/www.einfachankommen.at\/?page_id=412"},"modified":"2022-04-03T17:46:31","modified_gmt":"2022-04-03T15:46:31","slug":"faqs-3","status":"publish","type":"page","link":"https:\/\/www.einfachankommen.at\/hr\/faqs-3\/","title":{"rendered":"\u010cesto postavljana pitanja"},"content":{"rendered":"\n<p><strong>P<\/strong><em>: \u017delio bih upoznati udrugu u svojoj zajednici i mo\u017eda postati \u010dlan. \u0160to mogu u\u010diniti?<\/em><\/p>\n\n\n\n<p><strong>O<\/strong>: Jednostavno nazovite predsjednika udruge i dogovorite probno imenovanje. Na taj datum mogu upoznati udrugu i njezine \u010dlanove kako bi lak\u0161e odlu\u010dili \u017eele li i sami postati \u010dlanovi.<\/p>\n\n\n\n<p><strong>P<em>:<\/em><\/strong><em> \u017delim upoznati nove ljude ili se sam uklju\u010diti. Kome se mogu obratiti?<\/em><\/p>\n\n\n\n<p><strong>O:<\/strong> Mogli bi nazvati svoju \u017eupu u selu. \u010cesto ovdje postoje skupine predanih ljudi koji su sretni kada stupite u kontakt. Regionalcaritas je tako\u0111er uvijek sretan zbog predanih ljudi.<\/p>\n\n\n\n<p>Kontakt: <a href=\"https:\/\/www.caritas-ooe.at\/fileadmin\/storage\/oberoesterreich\/regionalcaritas\/Handout_Rohrbach_2019.pdf\">https:\/\/www.caritas-ooe.at\/fileadmin\/storage\/oberoesterreich\/regionalcaritas\/Handout_Rohrbach_2019.pdf<\/a><\/p>\n","protected":false},"excerpt":{"rendered":"<p>P: \u017delio bih upoznati udrugu u svojoj zajednici i mo\u017eda postati \u010dlan. \u0160to mogu u\u010diniti? O: Jednostavno nazovite predsjednika udruge i dogovorite probno imenovanje. Na taj datum mogu upoznati udrugu i njezine \u010dlanove kako bi lak\u0161e odlu\u010dili \u017eele li i sami postati \u010dlanovi. P: \u017delim upoznati nove ljude ili se sam uklju\u010diti. Kome se mogu&#8230;<\/p>\n","protected":false},"author":1,"featured_media":0,"parent":0,"menu_order":0,"comment_status":"closed","ping_status":"closed","template":"templates\/full-width.php","meta":{"footnotes":""},"class_list":["post-412","page","type-page","status-publish","hentry"],"translation":{"provider":"WPGlobus","version":"2.10.4","language":"hr","enabled_languages":["de","en","ar","fa","hr","uk"],"languages":{"de":{"title":true,"content":true,"excerpt":false},"en":{"title":true,"content":true,"excerpt":false},"ar":{"title":true,"content":true,"excerpt":false},"fa":{"title":true,"content":true,"excerpt":false},"hr":{"title":true,"content":true,"excerpt":false},"uk":{"title":false,"content":false,"excerpt":false}}},"_links":{"self":[{"href":"https:\/\/www.einfachankommen.at\/hr\/wp-json\/wp\/v2\/pages\/412","targetHints":{"allow":["GET"]}}],"collection":[{"href":"https:\/\/www.einfachankommen.at\/hr\/wp-json\/wp\/v2\/pages"}],"about":[{"href":"https:\/\/www.einfachankommen.at\/hr\/wp-json\/wp\/v2\/types\/page"}],"author":[{"embeddable":true,"href":"https:\/\/www.einfachankommen.at\/hr\/wp-json\/wp\/v2\/users\/1"}],"replies":[{"embeddable":true,"href":"https:\/\/www.einfachankommen.at\/hr\/wp-json\/wp\/v2\/comments?post=412"}],"version-history":[{"count":5,"href":"https:\/\/www.einfachankommen.at\/hr\/wp-json\/wp\/v2\/pages\/412\/revisions"}],"predecessor-version":[{"id":854,"href":"https:\/\/www.einfachankommen.at\/hr\/wp-json\/wp\/v2\/pages\/412\/revisions\/854"}],"wp:attachment":[{"href":"https:\/\/www.einfachankommen.at\/hr\/wp-json\/wp\/v2\/media?parent=412"}],"curies":[{"name":"wp","href":"https:\/\/api.w.org\/{rel}","templated":true}]}}