{"id":41,"date":"2021-05-17T15:20:29","date_gmt":"2021-05-17T13:20:29","guid":{"rendered":"http:\/\/www.einfachankommen.at\/?page_id=41"},"modified":"2022-05-05T13:52:27","modified_gmt":"2022-05-05T11:52:27","slug":"bildung","status":"publish","type":"page","link":"https:\/\/www.einfachankommen.at\/hr\/bildung\/","title":{"rendered":"Jednostavno obrazovanje!"},"content":{"rendered":"\n<p>Za odrasle u Austriji postoji mnogo mogu\u0107nosti za u\u010denje i unaprednje obrazovanja. Mo\u017eete sudjelovati u te\u010dajevima, prisustvovati doga\u0111ajima, \u010ditati knjige ili nastaviti \u0161kolovanje putem interneta (online te\u010dajevi).<\/p>\n\n\n\n<p>U Rohrbachu se nude besplatni ili vrlo jeftini te\u010dajevi za u\u010denje i vje\u017ebanje njema\u010dkog jezika.<\/p>\n\n\n\n<p>Dva telefonska broja koja vam mogu pomo\u0107i da odaberete pravi kurs:<\/p>\n\n\n\n<p>+43 7289 4126 &#8211;&nbsp; ALOM<\/p>\n\n\n\n<p>050 6906 1601 &#8211;&nbsp; sindikat radnika<\/p>\n\n\n\n<p>Naravno, tako\u0111er \u0107ete dobiti podr\u0161ku u u\u010denju nekog posla.<\/p>\n\n\n\n<ul class=\"wp-block-list\"><li><strong>Besplatno osnovno obrazovanje.<\/strong> \u010citanje, pisanje, govor, slu\u0161anje za odraslih:<\/li><li><a href=\"https:\/\/www.alphabetisierung.at\/kurssuche\/\">https:\/\/www.alphabetisierung.at\/kurssuche\/<\/a><\/li><\/ul>\n\n\n\n<ul class=\"wp-block-list\"><li>Registracija za <strong>jezi\u010dne ispite<\/strong> \u00d6IF-a:<br>https:\/\/sprachportal.integrationsfonds.at\/deutschpruefungen\/pruefungstermine<\/li><\/ul>\n\n\n\n<ul class=\"wp-block-list\"><li>Prevo\u0111enje i <strong>priznavanje certifikata<\/strong> iz inozemstva:<br>&nbsp;<a href=\"https:\/\/migrare.at\/a\/ast-anlaufstelle-fuer-personen-mit-im-ausland-erworbenen-qualifikationen\/\">https:\/\/migrare.at\/a\/ast-anlaufstelle-fuer-personen-mit-im-ausland-erworbenen-qualifikationen\/<\/a><\/li><\/ul>\n\n\n\n<ul class=\"wp-block-list\"><li>Web stranica <strong>obrazovnih ustanova obrazovanja odraslih u Gornjoj Austriji:<\/strong><br>https:\/\/www.weiterbilden.at\/bildungsanbieter\/<br><br><\/li><\/ul>\n\n\n\n<ul class=\"wp-block-list\"><li><strong>Besplatni online te\u010dajevi za u\u010denje njema\u010dkog jezika <\/strong>(A1, A2, B1 i posebne teme, zdravlje, za\u0161tita od nasilja, za\u0161tita djece):<br><a href=\"https:\/\/sprachportal.integrationsfonds.at\/online-lernangebote-fuer-erwachsene\">https:\/\/sprachportal.integrationsfonds.at\/online-lernangebote-fuer-erwachsene<\/a><\/li><\/ul>\n","protected":false},"excerpt":{"rendered":"<p>Za odrasle u Austriji postoji mnogo mogu\u0107nosti za u\u010denje i unaprednje obrazovanja. Mo\u017eete sudjelovati u te\u010dajevima, prisustvovati doga\u0111ajima, \u010ditati knjige ili nastaviti \u0161kolovanje putem interneta (online te\u010dajevi). U Rohrbachu se nude besplatni ili vrlo jeftini te\u010dajevi za u\u010denje i vje\u017ebanje njema\u010dkog jezika. Dva telefonska broja koja vam mogu pomo\u0107i da odaberete pravi kurs: +43 7289&#8230;<\/p>\n","protected":false},"author":1,"featured_media":0,"parent":0,"menu_order":0,"comment_status":"closed","ping_status":"closed","template":"templates\/full-width.php","meta":{"footnotes":""},"class_list":["post-41","page","type-page","status-publish","hentry"],"translation":{"provider":"WPGlobus","version":"2.10.4","language":"hr","enabled_languages":["de","en","ar","fa","hr","uk"],"languages":{"de":{"title":true,"content":true,"excerpt":false},"en":{"title":true,"content":true,"excerpt":false},"ar":{"title":true,"content":true,"excerpt":false},"fa":{"title":true,"content":true,"excerpt":false},"hr":{"title":true,"content":true,"excerpt":false},"uk":{"title":true,"content":true,"excerpt":false}}},"_links":{"self":[{"href":"https:\/\/www.einfachankommen.at\/hr\/wp-json\/wp\/v2\/pages\/41","targetHints":{"allow":["GET"]}}],"collection":[{"href":"https:\/\/www.einfachankommen.at\/hr\/wp-json\/wp\/v2\/pages"}],"about":[{"href":"https:\/\/www.einfachankommen.at\/hr\/wp-json\/wp\/v2\/types\/page"}],"author":[{"embeddable":true,"href":"https:\/\/www.einfachankommen.at\/hr\/wp-json\/wp\/v2\/users\/1"}],"replies":[{"embeddable":true,"href":"https:\/\/www.einfachankommen.at\/hr\/wp-json\/wp\/v2\/comments?post=41"}],"version-history":[{"count":11,"href":"https:\/\/www.einfachankommen.at\/hr\/wp-json\/wp\/v2\/pages\/41\/revisions"}],"predecessor-version":[{"id":989,"href":"https:\/\/www.einfachankommen.at\/hr\/wp-json\/wp\/v2\/pages\/41\/revisions\/989"}],"wp:attachment":[{"href":"https:\/\/www.einfachankommen.at\/hr\/wp-json\/wp\/v2\/media?parent=41"}],"curies":[{"name":"wp","href":"https:\/\/api.w.org\/{rel}","templated":true}]}}