{"id":39,"date":"2021-05-17T15:19:20","date_gmt":"2021-05-17T13:19:20","guid":{"rendered":"http:\/\/www.einfachankommen.at\/?page_id=39"},"modified":"2022-04-27T23:29:38","modified_gmt":"2022-04-27T21:29:38","slug":"tips-faqs","status":"publish","type":"page","link":"https:\/\/www.einfachankommen.at\/hr\/arbeit\/tips-faqs\/","title":{"rendered":"\u010cesto postavljana pitanja"},"content":{"rendered":"\n<p><strong>P<\/strong><em>: Ja sam tra\u017eitelj azila i \u017eelio bih sura\u0111ivati \u200b\u200bs servisnom provjerom. Kolika je moja satnica?<\/em><\/p>\n\n\n\n<p><strong>O:<\/strong> Minimalna satnica od 11,75 eura po satu odnosi se na sve osobe, uklju\u010duju\u0107i i tra\u017eitelje azila, koje se pla\u0107aju uz uslu\u017eni \u010dek. Ni\u017ea satnica od 5 eura dopu\u0161tena je samo za aktivnosti za tra\u017eitelje azila u op\u0107ini (npr. gra\u0111evinsko dvori\u0161te, \u0161kola, dom za umirovljenike itd.).<\/p>\n\n\n\n<p><strong>P<\/strong>: <em>\u0160to je neprijavljeni rad ili nezakonit rad?<\/em><\/p>\n\n\n\n<p><strong>A<\/strong>: Rad na crno je pla\u0107eni rad koji nije slu\u017ebeno prijavljen i za koji se ne pla\u0107aju porezi i doprinosi. Ako ne deklarirate svoj rad, prijeti vam kazna.<\/p>\n","protected":false},"excerpt":{"rendered":"<p>P: Ja sam tra\u017eitelj azila i \u017eelio bih sura\u0111ivati \u200b\u200bs servisnom provjerom. Kolika je moja satnica? O: Minimalna satnica od 11,75 eura po satu odnosi se na sve osobe, uklju\u010duju\u0107i i tra\u017eitelje azila, koje se pla\u0107aju uz uslu\u017eni \u010dek. Ni\u017ea satnica od 5 eura dopu\u0161tena je samo za aktivnosti za tra\u017eitelje azila u op\u0107ini (npr&#8230;.<\/p>\n","protected":false},"author":2,"featured_media":0,"parent":28,"menu_order":4,"comment_status":"closed","ping_status":"closed","template":"templates\/full-width.php","meta":{"footnotes":""},"class_list":["post-39","page","type-page","status-publish","hentry"],"translation":{"provider":"WPGlobus","version":"2.10.4","language":"hr","enabled_languages":["de","en","ar","fa","hr","uk"],"languages":{"de":{"title":true,"content":true,"excerpt":false},"en":{"title":true,"content":true,"excerpt":false},"ar":{"title":true,"content":false,"excerpt":false},"fa":{"title":true,"content":true,"excerpt":false},"hr":{"title":true,"content":true,"excerpt":false},"uk":{"title":true,"content":true,"excerpt":false}}},"_links":{"self":[{"href":"https:\/\/www.einfachankommen.at\/hr\/wp-json\/wp\/v2\/pages\/39","targetHints":{"allow":["GET"]}}],"collection":[{"href":"https:\/\/www.einfachankommen.at\/hr\/wp-json\/wp\/v2\/pages"}],"about":[{"href":"https:\/\/www.einfachankommen.at\/hr\/wp-json\/wp\/v2\/types\/page"}],"author":[{"embeddable":true,"href":"https:\/\/www.einfachankommen.at\/hr\/wp-json\/wp\/v2\/users\/2"}],"replies":[{"embeddable":true,"href":"https:\/\/www.einfachankommen.at\/hr\/wp-json\/wp\/v2\/comments?post=39"}],"version-history":[{"count":13,"href":"https:\/\/www.einfachankommen.at\/hr\/wp-json\/wp\/v2\/pages\/39\/revisions"}],"predecessor-version":[{"id":891,"href":"https:\/\/www.einfachankommen.at\/hr\/wp-json\/wp\/v2\/pages\/39\/revisions\/891"}],"up":[{"embeddable":true,"href":"https:\/\/www.einfachankommen.at\/hr\/wp-json\/wp\/v2\/pages\/28"}],"wp:attachment":[{"href":"https:\/\/www.einfachankommen.at\/hr\/wp-json\/wp\/v2\/media?parent=39"}],"curies":[{"name":"wp","href":"https:\/\/api.w.org\/{rel}","templated":true}]}}