{"id":35,"date":"2021-05-17T15:17:50","date_gmt":"2021-05-17T13:17:50","guid":{"rendered":"http:\/\/www.einfachankommen.at\/?page_id=35"},"modified":"2022-04-27T23:23:44","modified_gmt":"2022-04-27T21:23:44","slug":"dienstleistungscheck","status":"publish","type":"page","link":"https:\/\/www.einfachankommen.at\/hr\/arbeit\/dienstleistungscheck\/","title":{"rendered":"Servisna provjera"},"content":{"rendered":"\n<p><strong>Mnogi bi \u017eeljeli pomo\u0107 u ku\u0107anstvu ili vrtu &#8211; servisna provjera <\/strong>to omogu\u0107uje.<strong> <\/strong>Tako mo\u017eete koristiti usluge nebirokratski i legalno. Uslu\u017eni \u010dek mo\u017eete povoljno kupiti u trafiki i njime platiti svoje pomaga\u010de. Stoga su osigurani i od nezgoda. Prilikom pla\u0107anja mora se po\u0161tovati minimalna pla\u0107a od 11,75 eura\/sat. Uz uslu\u017enu provjeru tako\u0111er je mogu\u0107e da tra\u017eitelji azila rade i na taj na\u010din tra\u017ee smisleno zaposlenje. Mjese\u010dno mo\u017eete zaraditi do 110 eura.<\/p>\n\n\n\n<p>Ako imate pitanja o obradi, obratite se slu\u017ebi za gra\u0111ane ili saznajte vi\u0161e na <a href=\"http:\/\/www.dienstleistungsscheck-online.at\">www.dienstleistungsscheck-online.at<\/a>.<\/p>\n\n\n\n<p>Ako tra\u017eite posao s servisnom provjerom, najbolje je da se prijavite u op\u0107inskom uredu.<\/p>\n","protected":false},"excerpt":{"rendered":"<p>Mnogi bi \u017eeljeli pomo\u0107 u ku\u0107anstvu ili vrtu &#8211; servisna provjera to omogu\u0107uje. Tako mo\u017eete koristiti usluge nebirokratski i legalno. Uslu\u017eni \u010dek mo\u017eete povoljno kupiti u trafiki i njime platiti svoje pomaga\u010de. Stoga su osigurani i od nezgoda. Prilikom pla\u0107anja mora se po\u0161tovati minimalna pla\u0107a od 11,75 eura\/sat. Uz uslu\u017enu provjeru tako\u0111er je mogu\u0107e da&#8230;<\/p>\n","protected":false},"author":2,"featured_media":0,"parent":28,"menu_order":2,"comment_status":"closed","ping_status":"closed","template":"templates\/full-width.php","meta":{"footnotes":""},"class_list":["post-35","page","type-page","status-publish","hentry"],"translation":{"provider":"WPGlobus","version":"2.10.4","language":"hr","enabled_languages":["de","en","ar","fa","hr","uk"],"languages":{"de":{"title":true,"content":true,"excerpt":false},"en":{"title":true,"content":true,"excerpt":false},"ar":{"title":true,"content":true,"excerpt":false},"fa":{"title":true,"content":true,"excerpt":false},"hr":{"title":true,"content":true,"excerpt":false},"uk":{"title":true,"content":true,"excerpt":false}}},"_links":{"self":[{"href":"https:\/\/www.einfachankommen.at\/hr\/wp-json\/wp\/v2\/pages\/35","targetHints":{"allow":["GET"]}}],"collection":[{"href":"https:\/\/www.einfachankommen.at\/hr\/wp-json\/wp\/v2\/pages"}],"about":[{"href":"https:\/\/www.einfachankommen.at\/hr\/wp-json\/wp\/v2\/types\/page"}],"author":[{"embeddable":true,"href":"https:\/\/www.einfachankommen.at\/hr\/wp-json\/wp\/v2\/users\/2"}],"replies":[{"embeddable":true,"href":"https:\/\/www.einfachankommen.at\/hr\/wp-json\/wp\/v2\/comments?post=35"}],"version-history":[{"count":9,"href":"https:\/\/www.einfachankommen.at\/hr\/wp-json\/wp\/v2\/pages\/35\/revisions"}],"predecessor-version":[{"id":889,"href":"https:\/\/www.einfachankommen.at\/hr\/wp-json\/wp\/v2\/pages\/35\/revisions\/889"}],"up":[{"embeddable":true,"href":"https:\/\/www.einfachankommen.at\/hr\/wp-json\/wp\/v2\/pages\/28"}],"wp:attachment":[{"href":"https:\/\/www.einfachankommen.at\/hr\/wp-json\/wp\/v2\/media?parent=35"}],"curies":[{"name":"wp","href":"https:\/\/api.w.org\/{rel}","templated":true}]}}