{"id":30,"date":"2021-05-11T12:28:59","date_gmt":"2021-05-11T10:28:59","guid":{"rendered":"http:\/\/www.einfachankommen.at\/?page_id=30"},"modified":"2022-04-27T23:18:05","modified_gmt":"2022-04-27T21:18:05","slug":"tipps-jobsuche","status":"publish","type":"page","link":"https:\/\/www.einfachankommen.at\/hr\/arbeit\/tipps-jobsuche\/","title":{"rendered":"Savjeti, tra\u017eenje posla"},"content":{"rendered":"\n<p>AMS podr\u017eava tra\u017eenje odgovaraju\u0107eg posla ili naukovanja. Ali \u010dak i ako planirate promjenu karijere, AMS vam mo\u017ee pomo\u0107i. Tu su i informacije o posebnim projektima zapo\u0161ljavanja \u017eena i mladih.<\/p>\n\n\n\n<p><a href=\"https:\/\/www.ams.at\/regionen\/oberoesterreich\/geschaeftsstellen\/ams-rohrbach\">https:\/\/www.ams.at\/regionen\/oberoesterreich\/geschaeftsstellen\/ams-rohrbach<\/a><\/p>\n\n\n\n<p>Na poveznici ispod prona\u0107i \u0107ete oko 120 tvrtki u okrugu Rohrbach koje \u010desto tra\u017ee radnike:<\/p>\n\n\n\n<p><a href=\"https:\/\/www.meinjob-rohrbach.at\/firmen\">https:\/\/www.meinjob-rohrbach.at\/firmen<\/a><\/p>\n\n\n\n<p>Besplatni, vi\u0161ejezi\u010dni pravni i socijalni savjeti, kao i savjeti o tr\u017ei\u0161tu rada:<\/p>\n\n\n\n<p><a href=\"http:\/\/www.migrare.at\">www.migrare.at<\/a><\/p>\n","protected":false},"excerpt":{"rendered":"<p>AMS podr\u017eava tra\u017eenje odgovaraju\u0107eg posla ili naukovanja. Ali \u010dak i ako planirate promjenu karijere, AMS vam mo\u017ee pomo\u0107i. Tu su i informacije o posebnim projektima zapo\u0161ljavanja \u017eena i mladih. https:\/\/www.ams.at\/regionen\/oberoesterreich\/geschaeftsstellen\/ams-rohrbach Na poveznici ispod prona\u0107i \u0107ete oko 120 tvrtki u okrugu Rohrbach koje \u010desto tra\u017ee radnike: https:\/\/www.meinjob-rohrbach.at\/firmen Besplatni, vi\u0161ejezi\u010dni pravni i socijalni savjeti, kao i savjeti&#8230;<\/p>\n","protected":false},"author":1,"featured_media":0,"parent":28,"menu_order":0,"comment_status":"closed","ping_status":"closed","template":"templates\/full-width.php","meta":{"footnotes":""},"class_list":["post-30","page","type-page","status-publish","hentry"],"translation":{"provider":"WPGlobus","version":"2.10.4","language":"hr","enabled_languages":["de","en","ar","fa","hr","uk"],"languages":{"de":{"title":true,"content":true,"excerpt":false},"en":{"title":true,"content":true,"excerpt":false},"ar":{"title":true,"content":true,"excerpt":false},"fa":{"title":true,"content":true,"excerpt":false},"hr":{"title":true,"content":true,"excerpt":false},"uk":{"title":true,"content":true,"excerpt":false}}},"_links":{"self":[{"href":"https:\/\/www.einfachankommen.at\/hr\/wp-json\/wp\/v2\/pages\/30","targetHints":{"allow":["GET"]}}],"collection":[{"href":"https:\/\/www.einfachankommen.at\/hr\/wp-json\/wp\/v2\/pages"}],"about":[{"href":"https:\/\/www.einfachankommen.at\/hr\/wp-json\/wp\/v2\/types\/page"}],"author":[{"embeddable":true,"href":"https:\/\/www.einfachankommen.at\/hr\/wp-json\/wp\/v2\/users\/1"}],"replies":[{"embeddable":true,"href":"https:\/\/www.einfachankommen.at\/hr\/wp-json\/wp\/v2\/comments?post=30"}],"version-history":[{"count":7,"href":"https:\/\/www.einfachankommen.at\/hr\/wp-json\/wp\/v2\/pages\/30\/revisions"}],"predecessor-version":[{"id":886,"href":"https:\/\/www.einfachankommen.at\/hr\/wp-json\/wp\/v2\/pages\/30\/revisions\/886"}],"up":[{"embeddable":true,"href":"https:\/\/www.einfachankommen.at\/hr\/wp-json\/wp\/v2\/pages\/28"}],"wp:attachment":[{"href":"https:\/\/www.einfachankommen.at\/hr\/wp-json\/wp\/v2\/media?parent=30"}],"curies":[{"name":"wp","href":"https:\/\/api.w.org\/{rel}","templated":true}]}}