{"id":28,"date":"2021-05-11T12:28:22","date_gmt":"2021-05-11T10:28:22","guid":{"rendered":"http:\/\/www.einfachankommen.at\/?page_id=28"},"modified":"2022-04-27T23:16:10","modified_gmt":"2022-04-27T21:16:10","slug":"arbeit","status":"publish","type":"page","link":"https:\/\/www.einfachankommen.at\/hr\/arbeit\/","title":{"rendered":"Posao"},"content":{"rendered":"\n<p>U na\u0161em okrugu Rohrbachu postoje dobre mogu\u0107nosti za pronala\u017eenje posla i zaposlenja u \u0161irokom rasponu podru\u010dja.<\/p>\n\n\n\n<p>Prva to\u010dka kontakta je <strong>AMS Rohrbach<\/strong> (usluga tr\u017ei\u0161ta rada).<\/p>\n\n\n\n<p>Informacije i savjete o tra\u017eenju posla mo\u017eete prona\u0107i ovdje:<\/p>\n\n\n\n<p>AMS Rohrbach, Haslacher Stra\u00dfe 7, 4150 Rohrbach-Berg<\/p>\n\n\n\n<p>Telefon 050&nbsp;904 440<\/p>\n\n\n\n<figure class=\"wp-block-embed\"><div class=\"wp-block-embed__wrapper\">\nhttps:\/\/www.ams.at\/regionen\/oberoesterreich\/geschaeftsstellen\/ams-rohrbach\n<\/div><\/figure>\n\n\n\n<p>Jednako va\u017ean izvor informacija je <strong>WIFI<\/strong> (Institut za ekonomska istra\u017eivanja):<\/p>\n\n\n\n<p>WIFI, Haslacher Stra\u00dfe 4, 4150&nbsp;<strong>Rohrbach<\/strong><\/p>\n\n\n\n<p>Telefon 059 090 9565<strong><\/strong><\/p>\n\n\n\n<p><a href=\"https:\/\/www.wifi.at\/aut\/ooe\/wifi-rohrbach\">https:\/\/www.wifi.at\/aut\/ooe\/wifi-rohrbach<\/a><\/p>\n\n\n\n<p>Tamo \u0107ete dobiti popis tvrtki sa slobodnim radnim mjestima. Pokazuje tko je u kojoj tvrtki hitno potreban.<\/p>\n\n\n\n<p>Na kraju, ali ne i najmanje va\u017eno, uvijek je mogu\u0107e pitati op\u0107inske urede u va\u0161em <strong>mjestu prebivali\u0161ta<\/strong> ima li slobodnih radnih mjesta u tvrtkama na tom podru\u010dju.<\/p>\n\n\n\n<p>Zaposlenici rado daju informacije i upute vas u tvrtke.<\/p>\n","protected":false},"excerpt":{"rendered":"<p>U na\u0161em okrugu Rohrbachu postoje dobre mogu\u0107nosti za pronala\u017eenje posla i zaposlenja u \u0161irokom rasponu podru\u010dja. Prva to\u010dka kontakta je AMS Rohrbach (usluga tr\u017ei\u0161ta rada). Informacije i savjete o tra\u017eenju posla mo\u017eete prona\u0107i ovdje: AMS Rohrbach, Haslacher Stra\u00dfe 7, 4150 Rohrbach-Berg Telefon 050&nbsp;904 440 Jednako va\u017ean izvor informacija je WIFI (Institut za ekonomska istra\u017eivanja): WIFI,&#8230;<\/p>\n","protected":false},"author":1,"featured_media":0,"parent":0,"menu_order":0,"comment_status":"closed","ping_status":"closed","template":"templates\/full-width.php","meta":{"footnotes":""},"class_list":["post-28","page","type-page","status-publish","hentry"],"translation":{"provider":"WPGlobus","version":"2.10.4","language":"hr","enabled_languages":["de","en","ar","fa","hr","uk"],"languages":{"de":{"title":true,"content":true,"excerpt":false},"en":{"title":true,"content":true,"excerpt":false},"ar":{"title":true,"content":true,"excerpt":false},"fa":{"title":true,"content":true,"excerpt":false},"hr":{"title":true,"content":true,"excerpt":false},"uk":{"title":true,"content":true,"excerpt":false}}},"_links":{"self":[{"href":"https:\/\/www.einfachankommen.at\/hr\/wp-json\/wp\/v2\/pages\/28","targetHints":{"allow":["GET"]}}],"collection":[{"href":"https:\/\/www.einfachankommen.at\/hr\/wp-json\/wp\/v2\/pages"}],"about":[{"href":"https:\/\/www.einfachankommen.at\/hr\/wp-json\/wp\/v2\/types\/page"}],"author":[{"embeddable":true,"href":"https:\/\/www.einfachankommen.at\/hr\/wp-json\/wp\/v2\/users\/1"}],"replies":[{"embeddable":true,"href":"https:\/\/www.einfachankommen.at\/hr\/wp-json\/wp\/v2\/comments?post=28"}],"version-history":[{"count":13,"href":"https:\/\/www.einfachankommen.at\/hr\/wp-json\/wp\/v2\/pages\/28\/revisions"}],"predecessor-version":[{"id":885,"href":"https:\/\/www.einfachankommen.at\/hr\/wp-json\/wp\/v2\/pages\/28\/revisions\/885"}],"wp:attachment":[{"href":"https:\/\/www.einfachankommen.at\/hr\/wp-json\/wp\/v2\/media?parent=28"}],"curies":[{"name":"wp","href":"https:\/\/api.w.org\/{rel}","templated":true}]}}