{"id":21,"date":"2021-05-11T12:24:40","date_gmt":"2021-05-11T10:24:40","guid":{"rendered":"http:\/\/www.einfachankommen.at\/?page_id=21"},"modified":"2022-05-05T15:06:12","modified_gmt":"2022-05-05T13:06:12","slug":"tipss","status":"publish","type":"page","link":"https:\/\/www.einfachankommen.at\/hr\/tipss\/","title":{"rendered":"\u010cesto postavljana pitanja"},"content":{"rendered":"\n<p><strong>P: <\/strong><em>\u0160to su posredni\u010dke naknade?<\/em><\/p>\n\n\n\n<p><strong>O: <\/strong>Ako dobijete stan iz ureda markera, onda markler dobiva proviziju. To mora platiti stanar. Stoga uvijek pitajte je li potrebna provizija i koliko je visoka.<\/p>\n\n\n\n<p><strong>P<em>:<\/em><\/strong><em> \u0160to uklju\u010duju tro\u0161kovi najma?<\/em><\/p>\n\n\n\n<p><strong>O<\/strong>: Tro\u0161kovi nastali za najam. Pla\u0107aju se mjese\u010dno unaprijed.<\/p>\n\n\n\n<p><strong>P:<\/strong><em> Koji su operativni tro\u0161kovi?<\/em><\/p>\n\n\n\n<p><strong>O:<\/strong> Koji su operativni tro\u0161koviOperativni tro\u0161kovi pla\u0107aju se mjese\u010dno uz tro\u0161kove najma. Oni uklju\u010duju tro\u0161kove kanalizacije, vode, odvoza sme\u0107a. Tro\u0161kovi grijanja itd.<\/p>\n","protected":false},"excerpt":{"rendered":"<p>P: \u0160to su posredni\u010dke naknade? O: Ako dobijete stan iz ureda markera, onda markler dobiva proviziju. To mora platiti stanar. Stoga uvijek pitajte je li potrebna provizija i koliko je visoka. P: \u0160to uklju\u010duju tro\u0161kovi najma? O: Tro\u0161kovi nastali za najam. Pla\u0107aju se mjese\u010dno unaprijed. P: Koji su operativni tro\u0161kovi? O: Koji su operativni tro\u0161koviOperativni&#8230;<\/p>\n","protected":false},"author":1,"featured_media":0,"parent":0,"menu_order":2,"comment_status":"closed","ping_status":"closed","template":"templates\/full-width.php","meta":{"footnotes":""},"class_list":["post-21","page","type-page","status-publish","hentry"],"translation":{"provider":"WPGlobus","version":"2.10.4","language":"hr","enabled_languages":["de","en","ar","fa","hr","uk"],"languages":{"de":{"title":true,"content":true,"excerpt":false},"en":{"title":true,"content":true,"excerpt":false},"ar":{"title":true,"content":true,"excerpt":false},"fa":{"title":true,"content":true,"excerpt":false},"hr":{"title":true,"content":true,"excerpt":false},"uk":{"title":true,"content":true,"excerpt":false}}},"_links":{"self":[{"href":"https:\/\/www.einfachankommen.at\/hr\/wp-json\/wp\/v2\/pages\/21","targetHints":{"allow":["GET"]}}],"collection":[{"href":"https:\/\/www.einfachankommen.at\/hr\/wp-json\/wp\/v2\/pages"}],"about":[{"href":"https:\/\/www.einfachankommen.at\/hr\/wp-json\/wp\/v2\/types\/page"}],"author":[{"embeddable":true,"href":"https:\/\/www.einfachankommen.at\/hr\/wp-json\/wp\/v2\/users\/1"}],"replies":[{"embeddable":true,"href":"https:\/\/www.einfachankommen.at\/hr\/wp-json\/wp\/v2\/comments?post=21"}],"version-history":[{"count":7,"href":"https:\/\/www.einfachankommen.at\/hr\/wp-json\/wp\/v2\/pages\/21\/revisions"}],"predecessor-version":[{"id":1013,"href":"https:\/\/www.einfachankommen.at\/hr\/wp-json\/wp\/v2\/pages\/21\/revisions\/1013"}],"wp:attachment":[{"href":"https:\/\/www.einfachankommen.at\/hr\/wp-json\/wp\/v2\/media?parent=21"}],"curies":[{"name":"wp","href":"https:\/\/api.w.org\/{rel}","templated":true}]}}