{"id":13,"date":"2021-05-11T12:19:52","date_gmt":"2021-05-11T10:19:52","guid":{"rendered":"http:\/\/www.einfachankommen.at\/?page_id=13"},"modified":"2022-05-05T14:56:50","modified_gmt":"2022-05-05T12:56:50","slug":"gemeinden","status":"publish","type":"page","link":"https:\/\/www.einfachankommen.at\/hr\/kultur\/gemeinden\/","title":{"rendered":"Zajednice"},"content":{"rendered":"\n<p>\u017delite li saznati vi\u0161e o <strong>klubovima<\/strong> u va\u0161oj zajednici, otkriti pje\u0161a\u010dke staze u va\u0161em podru\u010dju, oti\u0107i na biciklijadu ili biti informirani o <strong>lokalnoj kulturnoj ponudi<\/strong>?<\/p>\n\n\n\n<p>Zatim pogledajte po\u010detnu stranicu svoje zajednice. Pod naslovima Klubovi, Kultura i slobodno vrijeme dobit \u0107ete vrijedne savjete.<\/p>\n\n\n\n<p><a href=\"https:\/\/www.haslach.ooe.gv.at\/\">https:\/\/www.haslach.ooe.gv.at\/<\/a><\/p>\n\n\n\n<p><a href=\"https:\/\/www.kleinzell.at\/\">https:\/\/www.kleinzell.at\/<\/a><\/p>\n\n\n\n<p><a href=\"http:\/\/www.gemeinde-lembach.at\/\">http:\/\/www.gemeinde-lembach.at\/<\/a><\/p>\n\n\n\n<p><a href=\"https:\/\/www.neufelden.at\/\">https:\/\/www.neufelden.at\/<\/a><\/p>\n","protected":false},"excerpt":{"rendered":"<p>\u017delite li saznati vi\u0161e o klubovima u va\u0161oj zajednici, otkriti pje\u0161a\u010dke staze u va\u0161em podru\u010dju, oti\u0107i na biciklijadu ili biti informirani o lokalnoj kulturnoj ponudi? Zatim pogledajte po\u010detnu stranicu svoje zajednice. Pod naslovima Klubovi, Kultura i slobodno vrijeme dobit \u0107ete vrijedne savjete. https:\/\/www.haslach.ooe.gv.at\/ https:\/\/www.kleinzell.at\/ http:\/\/www.gemeinde-lembach.at\/ https:\/\/www.neufelden.at\/<\/p>\n","protected":false},"author":1,"featured_media":0,"parent":5,"menu_order":2,"comment_status":"closed","ping_status":"closed","template":"templates\/full-width.php","meta":{"footnotes":""},"class_list":["post-13","page","type-page","status-publish","hentry"],"translation":{"provider":"WPGlobus","version":"2.10.4","language":"hr","enabled_languages":["de","en","ar","fa","hr","uk"],"languages":{"de":{"title":true,"content":true,"excerpt":false},"en":{"title":true,"content":true,"excerpt":false},"ar":{"title":true,"content":true,"excerpt":false},"fa":{"title":true,"content":true,"excerpt":false},"hr":{"title":true,"content":true,"excerpt":false},"uk":{"title":true,"content":true,"excerpt":false}}},"_links":{"self":[{"href":"https:\/\/www.einfachankommen.at\/hr\/wp-json\/wp\/v2\/pages\/13","targetHints":{"allow":["GET"]}}],"collection":[{"href":"https:\/\/www.einfachankommen.at\/hr\/wp-json\/wp\/v2\/pages"}],"about":[{"href":"https:\/\/www.einfachankommen.at\/hr\/wp-json\/wp\/v2\/types\/page"}],"author":[{"embeddable":true,"href":"https:\/\/www.einfachankommen.at\/hr\/wp-json\/wp\/v2\/users\/1"}],"replies":[{"embeddable":true,"href":"https:\/\/www.einfachankommen.at\/hr\/wp-json\/wp\/v2\/comments?post=13"}],"version-history":[{"count":13,"href":"https:\/\/www.einfachankommen.at\/hr\/wp-json\/wp\/v2\/pages\/13\/revisions"}],"predecessor-version":[{"id":1006,"href":"https:\/\/www.einfachankommen.at\/hr\/wp-json\/wp\/v2\/pages\/13\/revisions\/1006"}],"up":[{"embeddable":true,"href":"https:\/\/www.einfachankommen.at\/hr\/wp-json\/wp\/v2\/pages\/5"}],"wp:attachment":[{"href":"https:\/\/www.einfachankommen.at\/hr\/wp-json\/wp\/v2\/media?parent=13"}],"curies":[{"name":"wp","href":"https:\/\/api.w.org\/{rel}","templated":true}]}}